{"id":127,"date":"2015-09-28T08:49:30","date_gmt":"2015-09-28T08:49:30","guid":{"rendered":"http:\/\/www.zuper.ee\/?page_id=10"},"modified":"2015-09-28T08:49:30","modified_gmt":"2015-09-28T08:49:30","slug":"e-otsepost","status":"publish","type":"page","link":"https:\/\/www.zuper.ee\/?page_id=127","title":{"rendered":"E-otsepost"},"content":{"rendered":"<p>E-mailide kontod on kogutud aastatega Eesti Vabariigis kehtivate seaduste alusel.<\/p>\n<p>V\u00e4ljasaadetav e-mailide arv:<\/p>\n<p><strong>Eestis kuni 400 000 kontakti<\/strong><\/p>\n<p>Andmebaasi on v\u00f5imalik sorteerida vanuse, soo ja piirkonna j\u00e4rgi. Zuper on teinud e-maili kampaaniad juba aastast 2001 ja selle ajaga on kogunenud m\u00e4rkimisv\u00e4\u00e4rne kogus kampaaniates aktiivseid osalejaid (157 000 inimest). Zuper.ee kasutab lisaandmebaasina veel Elioni hot.ee meilikontosid.<\/p>\n<p><strong>L\u00e4ti eraisikuid kuni 900 000 kontakti<\/strong><\/p>\n<p><strong>Soome eraisikuid kuni 900 000 kontakti<\/strong><\/p>\n","protected":false},"excerpt":{"rendered":"<p>E-mailide kontod on kogutud aastatega Eesti Vabariigis kehtivate seaduste alusel. V\u00e4ljasaadetav e-mailide arv: Eestis kuni 400 000 kontakti Andmebaasi on v\u00f5imalik sorteerida vanuse, soo ja piirkonna j\u00e4rgi. Zuper on teinud e-maili kampaaniad juba aastast 2001 ja selle ajaga on kogunenud m\u00e4rkimisv\u00e4\u00e4rne kogus kampaaniates aktiivseid osalejaid (157 000 inimest). Zuper.ee kasutab lisaandmebaasina veel Elioni hot.ee meilikontosid. L\u00e4ti eraisikuid [&hellip;]<\/p>\n","protected":false},"author":1,"featured_media":0,"parent":0,"menu_order":0,"comment_status":"closed","ping_status":"closed","template":"","meta":[],"yoast_head":"<!-- This site is optimized with the Yoast SEO plugin v19.0 - https:\/\/yoast.com\/wordpress\/plugins\/seo\/ -->\n<title>E-otsepost - Zuper.ee e-mail marketing<\/title>\n<meta name=\"description\" content=\"E-mailide kontod on kogutud aastatega Eesti Vabariigis kehtivate seaduste alusel. V\u00e4ljasaadetav e-mailide arv: Eestis kuni 400 000 kontakti\" \/>\n<meta name=\"robots\" content=\"index, follow, max-snippet:-1, max-image-preview:large, max-video-preview:-1\" \/>\n<link rel=\"canonical\" href=\"https:\/\/www.zuper.ee\/?page_id=127\" \/>\n<meta property=\"og:locale\" content=\"et_EE\" \/>\n<meta property=\"og:type\" content=\"article\" \/>\n<meta property=\"og:title\" content=\"E-otsepost - Zuper.ee e-mail marketing\" \/>\n<meta property=\"og:description\" content=\"E-mailide kontod on kogutud aastatega Eesti Vabariigis kehtivate seaduste alusel. V\u00e4ljasaadetav e-mailide arv: Eestis kuni 400 000 kontakti\" \/>\n<meta property=\"og:url\" content=\"https:\/\/www.zuper.ee\/?page_id=127\" \/>\n<meta property=\"og:site_name\" content=\"Zuper.ee e-mail marketing\" \/>\n<meta name=\"twitter:card\" content=\"summary\" \/>\n<script type=\"application\/ld+json\" class=\"yoast-schema-graph\">{\"@context\":\"https:\/\/schema.org\",\"@graph\":[{\"@type\":\"WebSite\",\"@id\":\"https:\/\/www.zuper.ee\/#website\",\"url\":\"https:\/\/www.zuper.ee\/\",\"name\":\"Zuper.ee e-mail marketing\",\"description\":\"E-mail marketing\",\"potentialAction\":[{\"@type\":\"SearchAction\",\"target\":{\"@type\":\"EntryPoint\",\"urlTemplate\":\"https:\/\/www.zuper.ee\/?s={search_term_string}\"},\"query-input\":\"required name=search_term_string\"}],\"inLanguage\":\"et\"},{\"@type\":\"WebPage\",\"@id\":\"https:\/\/www.zuper.ee\/?page_id=127#webpage\",\"url\":\"https:\/\/www.zuper.ee\/?page_id=127\",\"name\":\"E-otsepost - Zuper.ee e-mail marketing\",\"isPartOf\":{\"@id\":\"https:\/\/www.zuper.ee\/#website\"},\"datePublished\":\"2015-09-28T08:49:30+00:00\",\"dateModified\":\"2015-09-28T08:49:30+00:00\",\"description\":\"E-mailide kontod on kogutud aastatega Eesti Vabariigis kehtivate seaduste alusel. V\u00e4ljasaadetav e-mailide arv: Eestis kuni 400 000 kontakti\",\"breadcrumb\":{\"@id\":\"https:\/\/www.zuper.ee\/?page_id=127#breadcrumb\"},\"inLanguage\":\"et\",\"potentialAction\":[{\"@type\":\"ReadAction\",\"target\":[\"https:\/\/www.zuper.ee\/?page_id=127\"]}]},{\"@type\":\"BreadcrumbList\",\"@id\":\"https:\/\/www.zuper.ee\/?page_id=127#breadcrumb\",\"itemListElement\":[{\"@type\":\"ListItem\",\"position\":1,\"name\":\"Home\",\"item\":\"https:\/\/www.zuper.ee\/\"},{\"@type\":\"ListItem\",\"position\":2,\"name\":\"E-otsepost\"}]}]}<\/script>\n<!-- \/ Yoast SEO plugin. -->","yoast_head_json":{"title":"E-otsepost - Zuper.ee e-mail marketing","description":"E-mailide kontod on kogutud aastatega Eesti Vabariigis kehtivate seaduste alusel. V\u00e4ljasaadetav e-mailide arv: Eestis kuni 400 000 kontakti","robots":{"index":"index","follow":"follow","max-snippet":"max-snippet:-1","max-image-preview":"max-image-preview:large","max-video-preview":"max-video-preview:-1"},"canonical":"https:\/\/www.zuper.ee\/?page_id=127","og_locale":"et_EE","og_type":"article","og_title":"E-otsepost - Zuper.ee e-mail marketing","og_description":"E-mailide kontod on kogutud aastatega Eesti Vabariigis kehtivate seaduste alusel. V\u00e4ljasaadetav e-mailide arv: Eestis kuni 400 000 kontakti","og_url":"https:\/\/www.zuper.ee\/?page_id=127","og_site_name":"Zuper.ee e-mail marketing","twitter_card":"summary","schema":{"@context":"https:\/\/schema.org","@graph":[{"@type":"WebSite","@id":"https:\/\/www.zuper.ee\/#website","url":"https:\/\/www.zuper.ee\/","name":"Zuper.ee e-mail marketing","description":"E-mail marketing","potentialAction":[{"@type":"SearchAction","target":{"@type":"EntryPoint","urlTemplate":"https:\/\/www.zuper.ee\/?s={search_term_string}"},"query-input":"required name=search_term_string"}],"inLanguage":"et"},{"@type":"WebPage","@id":"https:\/\/www.zuper.ee\/?page_id=127#webpage","url":"https:\/\/www.zuper.ee\/?page_id=127","name":"E-otsepost - Zuper.ee e-mail marketing","isPartOf":{"@id":"https:\/\/www.zuper.ee\/#website"},"datePublished":"2015-09-28T08:49:30+00:00","dateModified":"2015-09-28T08:49:30+00:00","description":"E-mailide kontod on kogutud aastatega Eesti Vabariigis kehtivate seaduste alusel. V\u00e4ljasaadetav e-mailide arv: Eestis kuni 400 000 kontakti","breadcrumb":{"@id":"https:\/\/www.zuper.ee\/?page_id=127#breadcrumb"},"inLanguage":"et","potentialAction":[{"@type":"ReadAction","target":["https:\/\/www.zuper.ee\/?page_id=127"]}]},{"@type":"BreadcrumbList","@id":"https:\/\/www.zuper.ee\/?page_id=127#breadcrumb","itemListElement":[{"@type":"ListItem","position":1,"name":"Home","item":"https:\/\/www.zuper.ee\/"},{"@type":"ListItem","position":2,"name":"E-otsepost"}]}]}},"_links":{"self":[{"href":"https:\/\/www.zuper.ee\/index.php?rest_route=\/wp\/v2\/pages\/127"}],"collection":[{"href":"https:\/\/www.zuper.ee\/index.php?rest_route=\/wp\/v2\/pages"}],"about":[{"href":"https:\/\/www.zuper.ee\/index.php?rest_route=\/wp\/v2\/types\/page"}],"author":[{"embeddable":true,"href":"https:\/\/www.zuper.ee\/index.php?rest_route=\/wp\/v2\/users\/1"}],"replies":[{"embeddable":true,"href":"https:\/\/www.zuper.ee\/index.php?rest_route=%2Fwp%2Fv2%2Fcomments&post=127"}],"version-history":[{"count":0,"href":"https:\/\/www.zuper.ee\/index.php?rest_route=\/wp\/v2\/pages\/127\/revisions"}],"wp:attachment":[{"href":"https:\/\/www.zuper.ee\/index.php?rest_route=%2Fwp%2Fv2%2Fmedia&parent=127"}],"curies":[{"name":"wp","href":"https:\/\/api.w.org\/{rel}","templated":true}]}}